{"id":40,"date":"2020-07-28T13:23:03","date_gmt":"2020-07-28T13:23:03","guid":{"rendered":"https:\/\/www.jardimdebonsai.com\/?page_id=40"},"modified":"2020-07-29T16:26:44","modified_gmt":"2020-07-29T16:26:44","slug":"politica-de-privacidade","status":"publish","type":"page","link":"https:\/\/www.jardimdebonsai.com\/pt-pt\/politica-de-privacidade\/","title":{"rendered":"Pol\u00edtica de Privacidade"},"content":{"rendered":"[vc_row type=&#8221;in_container&#8221; full_screen_row_position=&#8221;middle&#8221; column_margin=&#8221;default&#8221; column_direction=&#8221;default&#8221; column_direction_tablet=&#8221;default&#8221; column_direction_phone=&#8221;default&#8221; scene_position=&#8221;center&#8221; text_color=&#8221;dark&#8221; text_align=&#8221;left&#8221; row_border_radius=&#8221;none&#8221; row_border_radius_applies=&#8221;bg&#8221; overlay_strength=&#8221;0.3&#8243; gradient_direction=&#8221;left_to_right&#8221; shape_divider_position=&#8221;bottom&#8221; bg_image_animation=&#8221;fade-in&#8221; shape_type=&#8221;&#8221;][vc_column column_padding=&#8221;no-extra-padding&#8221; column_padding_tablet=&#8221;inherit&#8221; column_padding_phone=&#8221;inherit&#8221; column_padding_position=&#8221;all&#8221; background_color_opacity=&#8221;1&#8243; background_hover_color_opacity=&#8221;1&#8243; column_shadow=&#8221;none&#8221; column_border_radius=&#8221;none&#8221; column_link_target=&#8221;_self&#8221; gradient_direction=&#8221;left_to_right&#8221; overlay_strength=&#8221;0.3&#8243; width=&#8221;1\/1&#8243; tablet_width_inherit=&#8221;default&#8221; tablet_text_alignment=&#8221;default&#8221; phone_text_alignment=&#8221;default&#8221; column_border_width=&#8221;none&#8221; column_border_style=&#8221;solid&#8221; bg_image_animation=&#8221;fade-in&#8221;][vc_column_text css_animation=&#8221;none&#8221;]\n<h2 style=\"text-align: left;\">Pol\u00edtica de Privacidade<\/h2>\n[\/vc_column_text][\/vc_column][vc_column column_padding=&#8221;no-extra-padding&#8221; column_padding_tablet=&#8221;inherit&#8221; column_padding_phone=&#8221;inherit&#8221; column_padding_position=&#8221;all&#8221; background_color_opacity=&#8221;1&#8243; background_hover_color_opacity=&#8221;1&#8243; column_shadow=&#8221;none&#8221; column_border_radius=&#8221;none&#8221; column_link_target=&#8221;_self&#8221; gradient_direction=&#8221;left_to_right&#8221; overlay_strength=&#8221;0.3&#8243; width=&#8221;1\/1&#8243; tablet_width_inherit=&#8221;default&#8221; tablet_text_alignment=&#8221;default&#8221; phone_text_alignment=&#8221;default&#8221; column_border_width=&#8221;none&#8221; column_border_style=&#8221;solid&#8221; bg_image_animation=&#8221;none&#8221;][divider line_type=&#8221;No Line&#8221; custom_height=&#8221;10&#8243;][vc_row_inner column_margin=&#8221;default&#8221; column_direction=&#8221;default&#8221; column_direction_tablet=&#8221;default&#8221; column_direction_phone=&#8221;default&#8221; text_align=&#8221;left&#8221;][vc_column_inner column_padding=&#8221;no-extra-padding&#8221; column_padding_tablet=&#8221;inherit&#8221; column_padding_phone=&#8221;inherit&#8221; column_padding_position=&#8221;all&#8221; background_color_opacity=&#8221;1&#8243; background_hover_color_opacity=&#8221;1&#8243; column_shadow=&#8221;none&#8221; column_border_radius=&#8221;none&#8221; column_link_target=&#8221;_self&#8221; gradient_direction=&#8221;left_to_right&#8221; overlay_strength=&#8221;0.3&#8243; width=&#8221;1\/1&#8243; tablet_width_inherit=&#8221;default&#8221; column_border_width=&#8221;none&#8221; column_border_style=&#8221;solid&#8221; bg_image_animation=&#8221;none&#8221;][vc_column_text]\n<p style=\"text-align: left;\">Esta pol\u00edtica de privacidade \u00e9 aplic\u00e1vel a todos e quaisquer contratos realizados por Quinta das Eirinhas &#8211; Jardim de Bonsai Unipessoal Lda. e seus h\u00f3spedes e aplicam-se a todas as reservas, acordos de alojamento e utiliza\u00e7\u00e3o de todos os servi\u00e7os na Quinta das Eirinhas,\u00a0Turismo no Espa\u00e7o Rural.<\/p>\n<p><strong>O que s\u00e3o informa\u00e7\u00f5es pessoais?<\/strong><br \/>\nA Quinta das Eirinhas encara com enorme respeito e seriedade a salvaguarda da privacidade dos seus h\u00f3spedes. A recolha das informa\u00e7\u00f5es pessoais dos h\u00f3spedes visam satisfazer as necessidades dos mesmos e viabilizar os pedidos de reservas. Como informa\u00e7\u00f5es pessoais consideram-se quaisquer informa\u00e7\u00f5es recolhidas acerca do h\u00f3spede, enquanto indiv\u00edduo, como por exemplo o seu nome, morada, idade, sexo, imagem, email, telefone, informa\u00e7\u00f5es sobre o cart\u00e3o de cr\u00e9dito, prefer\u00eancias e pedidos espec\u00edficos pr\u00e9, durante e p\u00f3s estadia, incluindo troca de correspond\u00eancia digital. Estes dados ser\u00e3o recolhidos apenas com o consentimento pr\u00e9vio do h\u00f3spede e tratados no cumprimento da legisla\u00e7\u00e3o da Uni\u00e3o Europeia sobre o Regulamento\u00a0Geral de Prote\u00e7\u00e3o de Dados.<\/p>\n<p><strong>Porque s\u00e3o recolhidas?<\/strong><br \/>\nPara prestar um servi\u00e7o de qualidade ao h\u00f3spede &#8211; As informa\u00e7\u00f5es pessoais s\u00e3o recolhidas para que a Quinta das Eirinhas possa efetuar as reservas desejadas e prestar os servi\u00e7os solicitados. A sua manuten\u00e7\u00e3o permite a Quinta das Eirinhas melhorar o servi\u00e7o prestado ao h\u00f3spede de cada vez que o mesmo repete a sua estadia. Ao manter determinadas informa\u00e7\u00f5es pessoais relacionadas com a estadia em arquivo, tais como informa\u00e7\u00f5es relativas ao hist\u00f3rico do h\u00f3spede e listas detalhadas dos gastos, o hospede e a Quinta das Eirinhas t\u00eam a possibilidade de confirmar transa\u00e7\u00f5es anteriores e confrontar extratos ou faturas. E tamb\u00e9m para manter o h\u00f3spede informado &#8211; As informa\u00e7\u00f5es pessoais que forem disponibilizadas poder\u00e3o ser utilizadas para o envio de newsletters com as \u00faltimas not\u00edcias e para informar o h\u00f3spede de promo\u00e7\u00f5es, ofertas ou outras quest\u00f5es que lhe possam interessar. Para tal, as informa\u00e7\u00f5es pessoais poder\u00e3o ser partilhadas com terceiros, incluindo empresas de gest\u00e3o das rela\u00e7\u00f5es com h\u00f3spedes e\/ou empresas de marketing ou de comunica\u00e7\u00e3o. Estas empresas est\u00e3o contratualmente vinculadas com a Quinta das Eirinhas, logo est\u00e3o obrigadas a proteger todas as informa\u00e7\u00f5es do h\u00f3spede a que possam ter acesso. Caso seja do desejo do h\u00f3spede n\u00e3o receber informa\u00e7\u00f5es acerca da Quinta das Eirinhas, o mesmo pode manifestar a sua inten\u00e7\u00e3o na ficha de registo aquando da sua estadia ou informar a Quinta das Eirinhas atrav\u00e9s do:<\/p>\n<p>Correio: Quinta das Eirinhas\u00a0CP 257-Z, Palheirinhos, Santa Maria &#8211; Santiago,\u00a08800-210\u00a0Tavira, Portugal;<br \/>\nE-mail: info@quintadaseirinhas.com.<\/p>\n<p><strong>Como s\u00e3o recolhidas?<\/strong><br \/>\nNo website da Quinta das Eirinhas &#8211; Quando um h\u00f3spede visita o website da Quinta das Eirinhas, \u00e9-lhe atribu\u00eddo um \u201ccookie\u201d (ver pol\u00edtica de cookies), sendo atribu\u00eddo ao seu computador um n\u00famero de ID. N\u00e3o obstante o facto do h\u00f3spede permanecer an\u00f3nimo at\u00e9 introduzir as suas informa\u00e7\u00f5es pessoais no website (no momento da reserva), o n\u00famero de ID permite a Quinta das Eirinhas registar a sess\u00e3o, com o intuito de ajudar o h\u00f3spede, prestando-lhe um servi\u00e7o mais personalizado. Tamb\u00e9m \u00e9 utilizado para encontrar informa\u00e7\u00f5es que poder\u00e3o ser do interesse particular do h\u00f3spede.<\/p>\n<p>Enquanto navega no website, o h\u00f3spede tamb\u00e9m fornece informa\u00e7\u00f5es, como o tipo de temas que mais visita, que n\u00e3o revelam a sua identidade pessoal. Caso o h\u00f3spede \u201ccoloque uma quest\u00e3o\u201d sobre um tema espec\u00edfico, tal como um pedido de informa\u00e7\u00e3o acerca da reserva, ser-lhe-\u00e3o solicitados alguns dados pessoais, tal como nome, endere\u00e7o de e-mail e n\u00famero de telefone. Estes dados ser\u00e3o apenas utilizados para o fim especificado. Ao transmitir os seus dados pessoais, o h\u00f3spede est\u00e1 a tomar conhecimento e a aceitar os termos e condi\u00e7\u00f5es estabelecidos na presente pol\u00edtica de privacidade. Se for desejo do h\u00f3spede ser inclu\u00eddo numa lista de subscri\u00e7\u00e3o ou para receber outras informa\u00e7\u00f5es, o mesmo poder\u00e1 enviar a Quinta das Eirinhas o seu endere\u00e7o de e-mail para esse fim. O h\u00f3spede poder\u00e1 ainda subscrever a referida newsletter a partir do website da Quinta das Eirinhas. Estas listas s\u00e3o apenas utilizadas para fins internos &#8211; a Quinta das Eirinhas n\u00e3o vende nem aluga as referidas listas a nenhuma outra entidade &#8211; e a decis\u00e3o de ser, ou n\u00e3o, inclu\u00eddo nelas \u00e9 inteiramente do h\u00f3spede.<\/p>\n<p><strong>Ao efetuar uma reserva<\/strong><br \/>\nNo momento de realiza\u00e7\u00e3o de uma reserva no website da Quinta das Eirinhas, ser\u00e1 solicitado o preenchimento de um perfil de reserva, onde constar\u00e3o informa\u00e7\u00f5es pessoais, tais como nome do h\u00f3spede, endere\u00e7o, informa\u00e7\u00f5es de contacto, informa\u00e7\u00f5es sobre filhos (por exemplo, nome, data de nascimento, idade), bem como determinadas informa\u00e7\u00f5es de garantia e dep\u00f3sito para assegurar a reserva, como por exemplo o n\u00famero do seu cart\u00e3o de cr\u00e9dito. O h\u00f3spede, ao transmitir os seus dados pessoais, est\u00e1 a tomar conhecimento e a aceitar os termos e condi\u00e7\u00f5es estabelecidos na presente pol\u00edtica de privacidade. Devido \u00e0 natureza pessoal destas informa\u00e7\u00f5es, o sistema de reservas \u00e9 seguro, protegendo o n\u00famero do cart\u00e3o de cr\u00e9dito do h\u00f3spede com tecnologia de encripta\u00e7\u00e3o SSL, transmitindo-o numa rede privada. O h\u00f3spede tamb\u00e9m poder\u00e1 solicitar uma reserva contactando diretamente a Quinta das Eirinhas, aquando lhe poder\u00e3o ser solicitadas informa\u00e7\u00f5es pessoais tais como nome, endere\u00e7o, contactos, m\u00e9todo de pagamento e prefer\u00eancias sobre quartos ou pedidos especiais.<\/p>\n<p><strong>Durante a Estadia<\/strong><br \/>\nDurante a estadia, a Quinta das Eirinhas regista uma lista detalhada dos gastos do h\u00f3spede a fim de apurar corretamente a sua conta, que contempla a tarifa do quarto e outras despesas imputadas ao mesmo. Estas informa\u00e7\u00f5es s\u00e3o tamb\u00e9m registadas para que a Quinta das Eirinhas possa cumprir requisitos em mat\u00e9ria de informa\u00e7\u00f5es financeiras, incluindo os que s\u00e3o exigidos por auditores e entidades reguladoras. Tamb\u00e9m poder\u00e3o ser recolhidas determinadas informa\u00e7\u00f5es de acordo com o exigido pela legisla\u00e7\u00e3o local (por exemplo, n\u00famero de passaporte) ou serem guardadas informa\u00e7\u00f5es espec\u00edficas sobre a estadia (por exemplo, problemas de sa\u00fade do h\u00f3spede, pedidos especiais, problemas de servi\u00e7o). Estas informa\u00e7\u00f5es s\u00e3o armazenadas no sistema de gest\u00e3o de propriedade na Quinta das Eirinhas e s\u00e3o associadas \u00e0s informa\u00e7\u00f5es de visitas anteriores. Al\u00e9m disso, poder\u00e1 ser retido o teor de qualquer documento (incluindo cartas, cart\u00f5es de coment\u00e1rios, documentos eletr\u00f3nicos, tais como e-mails ou outras formas semelhantes de comunica\u00e7\u00e3o) que o h\u00f3spede tenha enviado antes, durante ou ap\u00f3s a estadia. Estas informa\u00e7\u00f5es poder\u00e3o ser partilhadas com os funcion\u00e1rios da Quinta das Eirinhas.<br \/>\nNo \u00e2mbito da prepara\u00e7\u00e3o da estadia, a fotografia do h\u00f3spede poder\u00e1 ser recolhida de fontes publicamente dispon\u00edveis, de forma a que a Quinta das Eirinhas possa reconhec\u00ea-lo, com o \u00fanico objetivo de prestar um servi\u00e7o de qualidade superior ao h\u00f3spede.<\/p>\n<p><strong>Como as guardamos?<\/strong><br \/>\nA Quinta das Eirinhas conserva as informa\u00e7\u00f5es pessoais num local seguro, quer se trate de uma base de dados ou de um arquivo. Al\u00e9m disso, s\u00e3o tomadas medidas que garantem que apenas as pessoas designadas t\u00eam acesso a essas informa\u00e7\u00f5es. Para a Quinta das Eirinhas prestar um servi\u00e7o melhor e mais personalizado ao h\u00f3spede, o perfil do mesmo \u00e9 guardado na plataforma central que gere as reservas. Tamb\u00e9m s\u00e3o guardadas outras informa\u00e7\u00f5es sobre transa\u00e7\u00f5es, incluindo por exemplo o n\u00famero de estadias e o n\u00famero de noites de cada estadia.<\/p>\n<p><strong>O que pode ser fornecido a terceiros?<\/strong><br \/>\nA Quinta das Eirinhas reserva-se o direito de transmitir informa\u00e7\u00f5es pessoais de h\u00f3spedes a agentes, subcontratantes ou prestadores de servi\u00e7os terceiros, durante a presta\u00e7\u00e3o de servi\u00e7os ao pr\u00f3prio Quinta das Eirinhas, para responder mais adequadamente \u00e0s necessidades do h\u00f3spede. Para tal, recorre a acordos contratuais ou outros para garantir que as referidas partes protegem as informa\u00e7\u00f5es pessoais em causa de acordo com os princ\u00edpios estabelecidos na presente pol\u00edtica de privacidade. As informa\u00e7\u00f5es pessoais do h\u00f3spede s\u00f3 ser\u00e3o partilhadas sem o seu consentimento, fora da Quinta das Eirinhas, nas seguintes situa\u00e7\u00f5es: a) quando tal \u00e9 exigido ou autorizado por lei (por exemplo, em resposta a uma intima\u00e7\u00e3o civil); b) quando tal \u00e9 necess\u00e1rio para proceder \u00e0 presta\u00e7\u00e3o de servi\u00e7os solicitados pelo h\u00f3spede, caso em que se considerar\u00e1 o seu consentimento impl\u00edcito (por exemplo, aluguer de ve\u00edculos); (c) caso o pagamento da estadia tenha sido efetuado por terceiros (ser\u00e3o fornecidas informa\u00e7\u00f5es de fatura\u00e7\u00e3o ao terceiro pagador). Se a Quinta das Eirinhas suspeitar da ocorr\u00eancia de qualquer atividade ilegal, reserva-se o direito de investigar e\/ou reportar as suas descobertas ou suspeitas \u00e0s autoridades policiais ou a outro servi\u00e7o de aplica\u00e7\u00e3o da lei relevante.<\/p>\n<p><strong>Tempo de conserva\u00e7\u00e3o<\/strong><br \/>\nAs informa\u00e7\u00f5es pessoais ser\u00e3o guardadas pelo per\u00edodo m\u00ednimo de tempo exigido por lei na jurisdi\u00e7\u00e3o onde se encontra a Quinta das Eirinhas (5 anos). As mesmas poder\u00e3o ser guardadas indefinidamente pela Quinta das Eirinhas enquanto existir um objetivo comercial para tal. Periodicamente, e ap\u00f3s alguns anos em que o h\u00f3spede n\u00e3o fique hospedado na Quinta das Eirinhas, poder\u00e3o ser eliminadas.<\/p>\n<p><strong>Aceder, alterar e apagar<\/strong><br \/>\nO h\u00f3spede poder\u00e1 aceder, corrigir, adicionar, atualizar ou apagar os seus dados pessoais contactando a Quinta das Eirinhas atrav\u00e9s do:<\/p>\n<p>Correio:\u00a0Quinta das Eirinhas\u00a0CP 257-Z, Palheirinhos, Santa Maria &#8211; Santiago,\u00a08800-210\u00a0Tavira, Portugal;<br \/>\nE-mail: info@quintadaseirinhas.com.<\/p>\n<p>A Quinta das Eirinhas poder\u00e1 solicitar uma c\u00f3pia de um documento de identifica\u00e7\u00e3o v\u00e1lido para proteger a privacidade do h\u00f3spede e confirmar\u00a0a sua identidade, antes de efetuar quaisquer altera\u00e7\u00f5es.<\/p>\n<p><strong>Colocar Quest\u00f5es<br \/>\n<\/strong>Caso o Cliente deseje contactar a Quinta das Eirinhas com alguma quest\u00e3o relacionada com a presente pol\u00edtica de privacidade, dever\u00e1 faz\u00ea-lo por:<\/p>\n<p>Correio:\u00a0Quinta das Eirinhas\u00a0CP 257-Z, Palheirinhos, Santa Maria &#8211; Santiago,\u00a08800-210\u00a0Tavira, Portugal;<br \/>\nE-mail: info@quintadaseirinhas.com.[\/vc_column_text][divider line_type=&#8221;No Line&#8221; custom_height=&#8221;10&#8243;][\/vc_column_inner][\/vc_row_inner][\/vc_column][\/vc_row][vc_row type=&#8221;full_width_background&#8221; full_screen_row_position=&#8221;middle&#8221; column_margin=&#8221;default&#8221; column_direction=&#8221;default&#8221; column_direction_tablet=&#8221;default&#8221; column_direction_phone=&#8221;default&#8221; bg_color=&#8221;#bcbcbc&#8221; scene_position=&#8221;center&#8221; text_color=&#8221;custom&#8221; custom_text_color=&#8221;#ffffff&#8221; text_align=&#8221;center&#8221; row_border_radius=&#8221;none&#8221; row_border_radius_applies=&#8221;bg&#8221; overlay_strength=&#8221;0.3&#8243; gradient_direction=&#8221;left_to_right&#8221; shape_divider_position=&#8221;bottom&#8221; bg_image_animation=&#8221;none&#8221; shape_type=&#8221;&#8221;][vc_column column_padding=&#8221;no-extra-padding&#8221; column_padding_tablet=&#8221;inherit&#8221; column_padding_phone=&#8221;inherit&#8221; column_padding_position=&#8221;all&#8221; background_color_opacity=&#8221;1&#8243; background_hover_color_opacity=&#8221;1&#8243; column_shadow=&#8221;none&#8221; column_border_radius=&#8221;none&#8221; column_link_target=&#8221;_self&#8221; gradient_direction=&#8221;left_to_right&#8221; overlay_strength=&#8221;0.3&#8243; width=&#8221;1\/1&#8243; tablet_width_inherit=&#8221;default&#8221; tablet_text_alignment=&#8221;default&#8221; phone_text_alignment=&#8221;default&#8221; column_border_width=&#8221;none&#8221; column_border_style=&#8221;solid&#8221; bg_image_animation=&#8221;none&#8221;][divider line_type=&#8221;No Line&#8221; custom_height=&#8221;20&#8243;][vc_column_text]\n<h6><a href=\"https:\/\/www.jardimdebonsai.com\/politica-de-privacidade\/\">Pol\u00edtica de Privacidade<\/a> \u00a0\u2022 \u00a0<a href=\"https:\/\/www.jardimdebonsai.com\/politica-de-cookies\/\">Pol\u00edtica de Cookies<\/a>\u00a0\u00a0\u2022 \u00a0<a href=\"https:\/\/www.livroreclamacoes.pt\" target=\"_blank\" rel=\"noopener noreferrer\">Livro de Reclama\u00e7\u00f5es<\/a>\u00a0 \u2022\u00a0 <a href=\"https:\/\/www.quintadaseirinhas.com\/\" target=\"_blank\" rel=\"noopener noreferrer\">RNET &#8211; XXXXXXXXX<\/a><\/h6>\n[\/vc_column_text][divider line_type=&#8221;No Line&#8221; custom_height=&#8221;2&#8243;][\/vc_column][\/vc_row]\n","protected":false},"excerpt":{"rendered":"<p>[vc_row type=&#8221;in_container&#8221; full_screen_row_position=&#8221;middle&#8221; column_margin=&#8221;default&#8221; column_direction=&#8221;default&#8221; column_direction_tablet=&#8221;default&#8221; column_direction_phone=&#8221;default&#8221; scene_position=&#8221;center&#8221; text_color=&#8221;dark&#8221; text_align=&#8221;left&#8221; row_border_radius=&#8221;none&#8221; row_border_radius_applies=&#8221;bg&#8221; overlay_strength=&#8221;0.3&#8243; gradient_direction=&#8221;left_to_right&#8221; shape_divider_position=&#8221;bottom&#8221; bg_image_animation=&#8221;fade-in&#8221; shape_type=&#8221;&#8221;][vc_column column_padding=&#8221;no-extra-padding&#8221; column_padding_tablet=&#8221;inherit&#8221; column_padding_phone=&#8221;inherit&#8221; column_padding_position=&#8221;all&#8221; background_color_opacity=&#8221;1&#8243; background_hover_color_opacity=&#8221;1&#8243; column_shadow=&#8221;none&#8221; column_border_radius=&#8221;none&#8221; column_link_target=&#8221;_self&#8221; gradient_direction=&#8221;left_to_right&#8221; overlay_strength=&#8221;0.3&#8243; width=&#8221;1\/1&#8243; tablet_width_inherit=&#8221;default&#8221;&#8230;<\/p>\n","protected":false},"author":1,"featured_media":0,"parent":0,"menu_order":0,"comment_status":"closed","ping_status":"closed","template":"","meta":{"footnotes":""},"class_list":["post-40","page","type-page","status-publish"],"yoast_head":"<!-- This site is optimized with the Yoast SEO plugin v14.6.1 - https:\/\/yoast.com\/wordpress\/plugins\/seo\/ -->\n<title>Pol\u00edtica de Privacidade - Jardim de Bonsai<\/title>\n<meta name=\"robots\" content=\"index, follow\" \/>\n<meta name=\"googlebot\" content=\"index, follow, max-snippet:-1, max-image-preview:large, max-video-preview:-1\" \/>\n<meta name=\"bingbot\" content=\"index, follow, max-snippet:-1, max-image-preview:large, max-video-preview:-1\" \/>\n<link rel=\"canonical\" href=\"https:\/\/www.jardimdebonsai.com\/politica-de-privacidade\/\" \/>\n<meta property=\"og:locale\" content=\"pt_PT\" \/>\n<meta property=\"og:type\" content=\"article\" \/>\n<meta property=\"og:title\" content=\"Pol\u00edtica de Privacidade - Jardim de Bonsai\" \/>\n<meta property=\"og:description\" content=\"[vc_row type=&#8221;in_container&#8221; full_screen_row_position=&#8221;middle&#8221; column_margin=&#8221;default&#8221; column_direction=&#8221;default&#8221; column_direction_tablet=&#8221;default&#8221; column_direction_phone=&#8221;default&#8221; scene_position=&#8221;center&#8221; text_color=&#8221;dark&#8221; text_align=&#8221;left&#8221; row_border_radius=&#8221;none&#8221; row_border_radius_applies=&#8221;bg&#8221; overlay_strength=&#8221;0.3&#8243; gradient_direction=&#8221;left_to_right&#8221; shape_divider_position=&#8221;bottom&#8221; bg_image_animation=&#8221;fade-in&#8221; shape_type=&#8221;&#8221;][vc_column column_padding=&#8221;no-extra-padding&#8221; column_padding_tablet=&#8221;inherit&#8221; column_padding_phone=&#8221;inherit&#8221; column_padding_position=&#8221;all&#8221; background_color_opacity=&#8221;1&#8243; background_hover_color_opacity=&#8221;1&#8243; column_shadow=&#8221;none&#8221; column_border_radius=&#8221;none&#8221; column_link_target=&#8221;_self&#8221; gradient_direction=&#8221;left_to_right&#8221; overlay_strength=&#8221;0.3&#8243; width=&#8221;1\/1&#8243; tablet_width_inherit=&#8221;default&#8221;...\" \/>\n<meta property=\"og:url\" content=\"https:\/\/www.jardimdebonsai.com\/politica-de-privacidade\/\" \/>\n<meta property=\"og:site_name\" content=\"Jardim de Bonsai\" \/>\n<meta property=\"article:modified_time\" content=\"2020-07-29T16:26:44+00:00\" \/>\n<meta name=\"twitter:card\" content=\"summary_large_image\" \/>\n<script type=\"application\/ld+json\" class=\"yoast-schema-graph\">{\"@context\":\"https:\/\/schema.org\",\"@graph\":[{\"@type\":\"WebSite\",\"@id\":\"https:\/\/www.jardimdebonsai.com\/pt-pt\/#website\",\"url\":\"https:\/\/www.jardimdebonsai.com\/pt-pt\/\",\"name\":\"Jardim de Bonsai\",\"description\":\"Bonsai Garden in Tavira\",\"potentialAction\":[{\"@type\":\"SearchAction\",\"target\":\"https:\/\/www.jardimdebonsai.com\/pt-pt\/?s={search_term_string}\",\"query-input\":\"required name=search_term_string\"}],\"inLanguage\":\"pt-PT\"},{\"@type\":\"WebPage\",\"@id\":\"https:\/\/www.jardimdebonsai.com\/politica-de-privacidade\/#webpage\",\"url\":\"https:\/\/www.jardimdebonsai.com\/politica-de-privacidade\/\",\"name\":\"Pol\\u00edtica de Privacidade - Jardim de Bonsai\",\"isPartOf\":{\"@id\":\"https:\/\/www.jardimdebonsai.com\/pt-pt\/#website\"},\"datePublished\":\"2020-07-28T13:23:03+00:00\",\"dateModified\":\"2020-07-29T16:26:44+00:00\",\"inLanguage\":\"pt-PT\",\"potentialAction\":[{\"@type\":\"ReadAction\",\"target\":[\"https:\/\/www.jardimdebonsai.com\/politica-de-privacidade\/\"]}]}]}<\/script>\n<!-- \/ Yoast SEO plugin. -->","_links":{"self":[{"href":"https:\/\/www.jardimdebonsai.com\/pt-pt\/wp-json\/wp\/v2\/pages\/40","targetHints":{"allow":["GET"]}}],"collection":[{"href":"https:\/\/www.jardimdebonsai.com\/pt-pt\/wp-json\/wp\/v2\/pages"}],"about":[{"href":"https:\/\/www.jardimdebonsai.com\/pt-pt\/wp-json\/wp\/v2\/types\/page"}],"author":[{"embeddable":true,"href":"https:\/\/www.jardimdebonsai.com\/pt-pt\/wp-json\/wp\/v2\/users\/1"}],"replies":[{"embeddable":true,"href":"https:\/\/www.jardimdebonsai.com\/pt-pt\/wp-json\/wp\/v2\/comments?post=40"}],"version-history":[{"count":2,"href":"https:\/\/www.jardimdebonsai.com\/pt-pt\/wp-json\/wp\/v2\/pages\/40\/revisions"}],"predecessor-version":[{"id":110,"href":"https:\/\/www.jardimdebonsai.com\/pt-pt\/wp-json\/wp\/v2\/pages\/40\/revisions\/110"}],"wp:attachment":[{"href":"https:\/\/www.jardimdebonsai.com\/pt-pt\/wp-json\/wp\/v2\/media?parent=40"}],"curies":[{"name":"wp","href":"https:\/\/api.w.org\/{rel}","templated":true}]}}